{"id":249,"date":"2024-12-11T07:46:06","date_gmt":"2024-12-11T07:46:06","guid":{"rendered":"https:\/\/astro-guides.com\/?page_id=249"},"modified":"2025-01-19T09:51:32","modified_gmt":"2025-01-19T09:51:32","slug":"avisolegal","status":"publish","type":"page","link":"https:\/\/astro-guides.com\/en\/avisolegal\/","title":{"rendered":"LEGAL NOTICE"},"content":{"rendered":"<p class=\"has-x-large-font-size wp-block-paragraph\"><\/p>\n\n\n\n<p class=\"wp-block-paragraph\">Pursuant to the legislative provisions, in particular Law 34\/2002 of 11 July, we inform you that this website is the property of Roberto Alonso Rodr\u00edguez, with N.I.F. number 36152672F and registered office at Camino Orobal, 18, 38438 Icod de los Vinos, hereinafter ASTROGUIDE. and the ASTROGUIDE brand is a trade name registered with the Spanish Patent and Trademark Office.<\/p>\n\n\n\n<p class=\"wp-block-paragraph\">Communications with ASTROGUIDE may be made by regular mail to the physical address indicated above or by email to info@astro-guides. ASTROGUIDE will respond to communications by email to the address indicated.<\/p>\n\n\n\n<p class=\"wp-block-paragraph\">Access to this website is free of charge, but is subject to prior reading and full acceptance of the general conditions of use of the website. If the user does not agree with these general conditions, he\/she must refrain from using this website.<\/p>\n\n\n\n<p class=\"wp-block-paragraph\">This website is governed by Spanish regulations, and nationals and foreigners who use it are subject to them.<\/p>\n\n\n\n<p class=\"wp-block-paragraph\">ASTROGUIDE reserves the right to modify the configuration of this website and its services, or to remove it from the Internet, all unilaterally and without prior notice, respecting the rights of consumers and users that are applicable according to current legislation.<\/p>\n\n\n\n<p class=\"wp-block-paragraph\"><strong>INTELLECTUAL AND INDUSTRIAL PROPERTY<\/strong><\/p>\n\n\n\n<p class=\"wp-block-paragraph\">The website, in its entirety, is the property of ASTROGUIDE and is protected by Intellectual and Industrial Property rights. In the event that ASTROGUIDE uses material that is not its property, it will ensure that the rights for its use are acquired.<\/p>\n\n\n\n<p class=\"wp-block-paragraph\">The user only has the right to private use of the same, without profit motive, and needs express authorization from ASTROGUIDE and\/or the owner of the rights to modify, reproduce, exploit, distribute them or exercise any right belonging to its owner.<\/p>\n\n\n\n<p class=\"wp-block-paragraph\">Any partial or total plagiarism or imitation of our website and content, or any impersonation of ASTROGUIDE will be prosecuted and brought before the courts of law.<\/p>\n\n\n\n<p class=\"wp-block-paragraph\"><strong>ACCESS CONDITIONS<\/strong><\/p>\n\n\n\n<p class=\"wp-block-paragraph\">The user must access this website in good faith and fully accept the General Conditions of Use. The user is responsible for any damages that may be caused by improper use of access to this website.<\/p>\n\n\n\n<p class=\"wp-block-paragraph\">Access to our website is free of charge and does not require prior subscription or registration. However, ASTROGUIDE reserves the right to offer services that require prior registration by the user.<\/p>\n\n\n\n<p class=\"wp-block-paragraph\">ASTROGUIDE reserves the right to take appropriate legal action against any user who violates these terms of use.<\/p>\n\n\n\n<p class=\"wp-block-paragraph\"><strong>PROTECTION AND PROCESSING OF PERSONAL DATA<\/strong><\/p>\n\n\n\n<p class=\"wp-block-paragraph\">ASTROGUIDE is committed to ensuring user privacy, confidentiality, professional secrecy and security.<\/p>\n\n\n\n<p class=\"wp-block-paragraph\">ASTROGUIDE undertakes not to collect unnecessary information about the user and to treat with diligence the information that the user provides us.<\/p>\n\n\n\n<p class=\"wp-block-paragraph\">In compliance with Organic Law 15\/1999 on the Protection of Personal Data (LOPD) and Royal Decree 1720\/2007 implementing the LOPD, we inform you that in order to use certain services offered by our website, the user must provide us with certain personal data, which will be processed and incorporated into the files of ASTROGUIDE, the owner and controller thereof.<\/p>\n\n\n\n<p class=\"wp-block-paragraph\">The sending of personal data constitutes express consent to the processing thereof, although it is revocable and without retroactive effect.<\/p>\n\n\n\n<p class=\"wp-block-paragraph\"><strong>RESPONSIBILITIES AND OTHER NOTICES<\/strong><\/p>\n\n\n\n<p class=\"wp-block-paragraph\">ASTROGUIDE is not responsible for elements that may in any way damage the user's computer system, such as viruses or other elements.<\/p>\n\n\n\n<p class=\"wp-block-paragraph\">The user assumes all responsibility arising from the use of our website, being the sole party responsible for any direct or indirect effect on the website, including, but not limited to, any adverse economic, technical and\/or legal result, and the user is obliged to hold ASTROGUIDE harmless from any claims arising, directly or indirectly, from such events.<\/p>\n\n\n\n<p class=\"wp-block-paragraph\">The user assumes all responsibility arising from the use of our website, being the sole party responsible for any direct or indirect effect on the website, including, but not limited to, any adverse economic, technical and\/or legal result, and the user is obliged to hold ASTROGUIDE harmless from any claims arising, directly or indirectly, from such events.<\/p>\n\n\n\n<p class=\"wp-block-paragraph\">The user assumes all responsibility arising from the use of our website, being the sole party responsible for any direct or indirect effect on the website, including, but not limited to, any adverse economic, technical and\/or legal result, and the user is obliged to hold ASTROGUIDE harmless from any claims arising, directly or indirectly, from such events.<\/p>\n\n\n\n<p class=\"wp-block-paragraph\">The user acknowledges that he\/she has understood all the information regarding the conditions of use of our portal, that he\/she is aware that browsing this website, as well as the use of its services, implies acceptance of the conditions of use and, therefore, accepts them fully and expressly.<\/p>\n\n\n\n<p class=\"wp-block-paragraph\">These general conditions are governed exclusively by Spanish law. All parties expressly waive any other jurisdiction and agree to submit to the Courts and Tribunals of Santa Cruz de Tenerife.<\/p>\n\n\n\n<p class=\"wp-block-paragraph\"><strong>UPDATING YOUR PERSONAL DATA<\/strong><\/p>\n\n\n\n<p class=\"wp-block-paragraph\">Unless the user expressly states so and through the communication channels indicated above, ASTROGUIDE reserves the right to store the user's personal data until it deems it appropriate, as long as it is appropriate for the purpose for which it was obtained. Likewise, ASTROGUIDE undertakes to make responsible use of the same.<\/p>\n\n\n\n<p class=\"wp-block-paragraph\">ASTROGUIDE reserves the right to modify these privacy policies at any time. Therefore, users are required to read and accept them before providing personal data.<\/p>\n\n\n\n<p class=\"wp-block-paragraph\"><strong>COMMUNICATIONS OF PERSONAL DATA<\/strong><\/p>\n\n\n\n<p class=\"wp-block-paragraph\">ASTROGUIDE informs you that your data is treated confidentially and is used exclusively internally and for the purposes indicated.<\/p>\n\n\n\n<p class=\"wp-block-paragraph\">ASTROGUIDE does not transfer your data to any third party, except in cases provided for by law or when the user gives us express authorization.<\/p>\n\n\n\n<p class=\"wp-block-paragraph\"><strong>RIGHTS OF ACCESS, RECTIFICATION, CANCELLATION AND OPPOSITION OF YOUR PERSONAL DATA<\/strong><\/p>\n\n\n\n<p class=\"wp-block-paragraph\">The user may exercise his or her rights of access, rectification, cancellation and opposition provided for by law through the communication channels indicated above. If you decide to do so through physical means, you must send us a signed document.<\/p>\n\n\n\n<p class=\"wp-block-paragraph\"><strong>SECURITY OF YOUR PERSONAL DATA<\/strong><\/p>\n\n\n\n<p class=\"wp-block-paragraph\">Following the precepts of Royal Decree 1720\/2007, which regulates the security measures for files containing personal data, ASTROGUIDE takes all necessary measures to guarantee the security of the personal data supplied against its alteration, loss, and unauthorized processing or access.<strong>.<\/strong><\/p>\n\n\n\n<p class=\"wp-block-paragraph\"><strong>USE OF YOUR PERSONAL DATA<\/strong><\/p>\n\n\n\n<p class=\"wp-block-paragraph\">The user is responsible for providing data that is true, accurate and relevant for the purpose for which it is requested.<\/p>\n\n\n\n<p class=\"wp-block-paragraph\">The data that ASTROGUIDE collects from the user is adequate, relevant and strictly necessary for the purpose for which it is collected.<\/p>\n\n\n\n<p class=\"wp-block-paragraph\">Our website collects your personal data through various means such as forms, booking platforms and email, applications... which may vary depending on the operation of the website and the services offered therein. Sending your data implies your authorization to incorporate them into our files.<\/p>\n\n\n\n<p class=\"wp-block-paragraph\"><\/p>\n\n\n\n<p class=\"wp-block-paragraph\"><\/p>\n\n\n\n<p class=\"wp-block-paragraph\"><\/p>\n\n\n\n<p class=\"wp-block-paragraph\"><\/p>\n\n\n\n<p class=\"wp-block-paragraph\"><\/p>\n\n\n\n<p class=\"wp-block-paragraph\"><\/p>\n\n\n\n<p class=\"wp-block-paragraph\"><\/p>\n\n\n\n<p class=\"wp-block-paragraph\"><\/p>\n\n\n\n<p class=\"wp-block-paragraph\"><\/p>\n\n\n\n<p class=\"wp-block-paragraph\"><\/p>\n\n\n\n<p class=\"wp-block-paragraph\"><\/p>","protected":false},"excerpt":{"rendered":"<p>Siguiendo los preceptos legislativos, en particular de la Ley 34\/2002, de 11 de julio, le informamos que este sitio web es propiedad de Roberto Alonso Rodr\u00edguez, con N.I.F. n\u00famero 36152672F y domicilio social en Camino Orobal, 18, 38438 Icod de los Vinos, en adelante ASTROGUIDE. y la marca ASTROGUIDE es un nombre comercial registrado ante [&hellip;]<\/p>\n","protected":false},"author":168103795,"featured_media":0,"parent":0,"menu_order":0,"comment_status":"closed","ping_status":"closed","template":"","meta":{"_crdt_document":"","_uag_custom_page_level_css":"","advanced_seo_description":"","jetpack_seo_html_title":"","jetpack_seo_noindex":false,"jetpack_post_was_ever_published":false,"footnotes":""},"class_list":["post-249","page","type-page","status-publish","hentry"],"uagb_featured_image_src":{"full":false,"thumbnail":false,"medium":false,"medium_large":false,"large":false,"1536x1536":false,"2048x2048":false,"trp-custom-language-flag":false,"newspack-article-block-landscape-large":false,"newspack-article-block-portrait-large":false,"newspack-article-block-square-large":false,"newspack-article-block-landscape-medium":false,"newspack-article-block-portrait-medium":false,"newspack-article-block-square-medium":false,"newspack-article-block-landscape-intermediate":false,"newspack-article-block-portrait-intermediate":false,"newspack-article-block-square-intermediate":false,"newspack-article-block-landscape-small":false,"newspack-article-block-portrait-small":false,"newspack-article-block-square-small":false,"newspack-article-block-landscape-tiny":false,"newspack-article-block-portrait-tiny":false,"newspack-article-block-square-tiny":false,"newspack-article-block-uncropped":false},"uagb_author_info":{"display_name":"robertoarodrigues","author_link":"https:\/\/astro-guides.com\/en\/author\/robertoalonsorodrigues\/"},"uagb_comment_info":0,"uagb_excerpt":"Siguiendo los preceptos legislativos, en particular de la Ley 34\/2002, de 11 de julio, le informamos que este sitio web es propiedad de Roberto Alonso Rodr\u00edguez, con N.I.F. n\u00famero 36152672F y domicilio social en Camino Orobal, 18, 38438 Icod de los Vinos, en adelante ASTROGUIDE. y la marca ASTROGUIDE es un nombre comercial registrado ante&hellip;","jetpack_likes_enabled":false,"jetpack_sharing_enabled":true,"jetpack_shortlink":"https:\/\/wp.me\/PgdxeT-41","jetpack-related-posts":[{"id":255,"url":"https:\/\/astro-guides.com\/en\/terminosycondiciones\/","url_meta":{"origin":249,"position":0},"title":"TERMS AND CONDITIONS","author":"robertoarodrigues","date":"11 de December de 2024","format":false,"excerpt":"ACTIVIDADES ASTROGUIDE presta servicios de turismo especializados en observaci\u00f3n de estrellas. Nuestro equipo est\u00e1 formado por Gu\u00edas de Turismo Oficial y Monitores Starlight debidamente acreditados por la Fundaci\u00f3n Starlight. INSCRIPCI\u00d3N Para acudir a cualquier actividad es necesaria la inscripci\u00f3n previa mediante los medios oficiales de la empresa. Para nuestras actividades\u2026","rel":"","context":"Similar post","block_context":{"text":"Similar post","link":""},"img":{"alt_text":"","src":"","width":0,"height":0},"classes":[]},{"id":932,"url":"https:\/\/astro-guides.com\/en\/tour-privado\/","url_meta":{"origin":249,"position":1},"title":"PRIVATE TOUR","author":"robertoarodrigues","date":"15 de January de 2025","format":false,"excerpt":"OBSERVACIONES CON LUNA LLENA Uno de los valores de ASTROGUIDE es ofrecer una experiencia astron\u00f3mica de calidad. Por eso evitamos programar observaciones del cielo estrellado en noches de luna llena. Y no porque no nos guste la Luna, que en verdad \u00a1nos encanta! Si no por ofrecer a los participantes\u2026","rel":"","context":"Similar post","block_context":{"text":"Similar post","link":""},"img":{"alt_text":"","src":"https:\/\/i0.wp.com\/astro-guides.com\/wp-content\/uploads\/2025\/01\/luna-3.jpg?resize=350%2C200&ssl=1","width":350,"height":200,"srcset":"https:\/\/i0.wp.com\/astro-guides.com\/wp-content\/uploads\/2025\/01\/luna-3.jpg?resize=350%2C200&ssl=1 1x, https:\/\/i0.wp.com\/astro-guides.com\/wp-content\/uploads\/2025\/01\/luna-3.jpg?resize=525%2C300&ssl=1 1.5x, https:\/\/i0.wp.com\/astro-guides.com\/wp-content\/uploads\/2025\/01\/luna-3.jpg?resize=700%2C400&ssl=1 2x, https:\/\/i0.wp.com\/astro-guides.com\/wp-content\/uploads\/2025\/01\/luna-3.jpg?resize=1050%2C600&ssl=1 3x, https:\/\/i0.wp.com\/astro-guides.com\/wp-content\/uploads\/2025\/01\/luna-3.jpg?resize=1400%2C800&ssl=1 4x"},"classes":[]},{"id":259,"url":"https:\/\/astro-guides.com\/en\/politicadeprivacidad\/","url_meta":{"origin":249,"position":2},"title":"PRIVACY POLICY","author":"robertoarodrigues","date":"11 de December de 2024","format":false,"excerpt":"RESPONSABLE DEL TRATAMIENTO Somos responsables del tratamiento ya que tratamos los datos personales de nuestros clientes . A continuaci\u00f3n encontrar\u00e1 nuestra informaci\u00f3n de contacto. ASTROGUIDE Roberto Alonso Rodr\u00edguez Camino Orobal, 18 38438. Icod de los Vinos Santa Cruz de Tenerife Si tiene preguntas sobre el tratamiento de sus datos, puede\u2026","rel":"","context":"Similar post","block_context":{"text":"Similar post","link":""},"img":{"alt_text":"","src":"","width":0,"height":0},"classes":[]},{"id":262,"url":"https:\/\/astro-guides.com\/en\/politicadecookies\/","url_meta":{"origin":249,"position":3},"title":"COOKIES POLICY","author":"robertoarodrigues","date":"11 de December de 2024","format":false,"excerpt":"Esta web recopila y utiliza la informaci\u00f3n seg\u00fan indica la pol\u00edtica de privacidad. Una de las formas en las que se recopila informaci\u00f3n es a trav\u00e9s del uso de la tecnolog\u00eda llamada \u201ccookies\u201d. En www.astro-guides.com y sus subdominios se utilizan cookies para varias finalidades. \u00bfQu\u00e9 es una cookie? Una \u201ccookie\u201d\u2026","rel":"","context":"Similar post","block_context":{"text":"Similar post","link":""},"img":{"alt_text":"","src":"","width":0,"height":0},"classes":[]}],"_links":{"self":[{"href":"https:\/\/astro-guides.com\/en\/wp-json\/wp\/v2\/pages\/249","targetHints":{"allow":["GET"]}}],"collection":[{"href":"https:\/\/astro-guides.com\/en\/wp-json\/wp\/v2\/pages"}],"about":[{"href":"https:\/\/astro-guides.com\/en\/wp-json\/wp\/v2\/types\/page"}],"author":[{"embeddable":true,"href":"https:\/\/astro-guides.com\/en\/wp-json\/wp\/v2\/users\/168103795"}],"replies":[{"embeddable":true,"href":"https:\/\/astro-guides.com\/en\/wp-json\/wp\/v2\/comments?post=249"}],"version-history":[{"count":10,"href":"https:\/\/astro-guides.com\/en\/wp-json\/wp\/v2\/pages\/249\/revisions"}],"predecessor-version":[{"id":999,"href":"https:\/\/astro-guides.com\/en\/wp-json\/wp\/v2\/pages\/249\/revisions\/999"}],"wp:attachment":[{"href":"https:\/\/astro-guides.com\/en\/wp-json\/wp\/v2\/media?parent=249"}],"curies":[{"name":"wp","href":"https:\/\/api.w.org\/{rel}","templated":true}]}}